{"id":33,"date":"2026-04-17T22:48:10","date_gmt":"2026-04-17T22:48:10","guid":{"rendered":"https:\/\/olimpiadyspecjalne.mgk.net.pl\/?page_id=33"},"modified":"2026-04-17T23:23:17","modified_gmt":"2026-04-17T23:23:17","slug":"regulamin-ceremonii-otwarcia","status":"publish","type":"page","link":"https:\/\/olimpiadyspecjalne.mgk.net.pl\/?page_id=33","title":{"rendered":"Regulamin Ceremonii Otwarcia"},"content":{"rendered":"\t\t<div data-elementor-type=\"wp-page\" data-elementor-id=\"33\" class=\"elementor elementor-33\" data-elementor-post-type=\"page\">\n\t\t\t\t<div class=\"elementor-element elementor-element-be584bd e-flex e-con-boxed e-con e-parent\" data-id=\"be584bd\" data-element_type=\"container\" data-e-type=\"container\">\n\t\t\t\t\t<div class=\"e-con-inner\">\n\t\t\t\t<div class=\"elementor-element elementor-element-da5a540 elementor-widget elementor-widget-image\" data-id=\"da5a540\" data-element_type=\"widget\" data-e-type=\"widget\" data-widget_type=\"image.default\">\n\t\t\t\t\t\t\t\t\t\t\t\t\t\t\t<img decoding=\"async\" src=\"https:\/\/www.olimpiadyspecjalne.pl\/wp-content\/uploads\/2022\/10\/OS-logo.png\" title=\"\" alt=\"Logo Olimpiady Specjalne\" loading=\"lazy\" \/>\t\t\t\t\t\t\t\t\t\t\t\t\t\t\t<\/div>\n\t\t\t\t\t<\/div>\n\t\t\t\t<\/div>\n\t\t<div class=\"elementor-element elementor-element-8b161b0 e-flex e-con-boxed e-con e-parent\" data-id=\"8b161b0\" data-element_type=\"container\" data-e-type=\"container\">\n\t\t\t\t\t<div class=\"e-con-inner\">\n\t\t\t\t<div class=\"elementor-element elementor-element-d7e2231 elementor-widget elementor-widget-heading\" data-id=\"d7e2231\" data-element_type=\"widget\" data-e-type=\"widget\" data-widget_type=\"heading.default\">\n\t\t\t\t\t<h1 class=\"elementor-heading-title elementor-size-default\">REGULAMIN ORGANIZATORA WYDARZENIA \n<BR>Ceremonia Otwarcia XIII Og\u00f3lnopolskich Letnich Igrzysk Olimpiad Specjalnych\n<\/h1>\t\t\t\t<\/div>\n\t\t\t\t<div class=\"elementor-element elementor-element-ecf278b elementor-widget elementor-widget-heading\" data-id=\"ecf278b\" data-element_type=\"widget\" data-e-type=\"widget\" data-widget_type=\"heading.default\">\n\t\t\t\t\t<h2 class=\"elementor-heading-title elementor-size-default\">\u00a7 1<BR> POSTANOWIENIA OG\u00d3LNE\n<\/h2>\t\t\t\t<\/div>\n\t\t\t\t<div class=\"elementor-element elementor-element-6b1a911 elementor-widget elementor-widget-text-editor\" data-id=\"6b1a911\" data-element_type=\"widget\" data-e-type=\"widget\" data-widget_type=\"text-editor.default\">\n\t\t\t\t\t\t\t\t\t<ol><li>Niniejszy regulamin (dalej: \u201e<strong>Regulamin<\/strong>\u201d) zosta\u0142 wydany na podstawie przepis\u00f3w ustawy z dnia 20 marca 2009 r. o bezpiecze\u0144stwie imprez masowych (Dz. U. z 2023 r., poz. 616) oraz innych przepis\u00f3w, kt\u00f3rych postanowienia maj\u0105 bezpo\u015bredni wp\u0142yw na organizacj\u0119 oraz przebieg wydarzenia artystycznego.<\/li><li>Regulamin dotyczy wydarzenia pod nazw\u0105 <strong>Ceremonia Otwarcia XIII Og\u00f3lnopolskich Letnich Igrzysk Olimpiad Specjalnych <\/strong>odbywaj\u0105cego si\u0119 w dniu <strong>8.05.2026<\/strong> w\u00a0 (dalej: <strong>Wydarzenie<\/strong>).<\/li><li>Organizatorem Wydarzenia jest <strong>Stowarzyszenie Olimpiady Specjalne Polska &#8211; \u015alaskie<\/strong> \u00a0z siedzib\u0105 w <strong>Rybniku, ul. Orzepowicka 15 a<\/strong>, KRS: <strong>0000190280<\/strong>, NIP: <strong>526-17-35-097<\/strong> (dalej: \u201e<strong>Organizator<\/strong>\u201d).<\/li><li>Regulamin okre\u015bla prawa i obowi\u0105zki Organizatora, warunki uczestnictwa w Wydarzeniu i zasady zachowania si\u0119 wszystkich os\u00f3b, kt\u00f3re w czasie trwania Wydarzenia b\u0119d\u0105 przebywa\u0107 na terenie, na kt\u00f3rym przeprowadzane jest Wydarzenie (dalej: \u201e<strong>Uczestnicy<\/strong>\u201d lub ka\u017cdy z osobna \u201e<strong>Uczestnik<\/strong>\u201d). Ka\u017cdy Uczestnik obowi\u0105zany jest stosowa\u0107 si\u0119 do postanowie\u0144 Regulaminu.<\/li><li>Regulamin stanowi umow\u0119 o udzia\u0142 w Wydarzeniu zawieran\u0105 pomi\u0119dzy Organizatorem a Uczestnikiem Wydarzenia.<\/li><\/ol>\t\t\t\t\t\t\t\t<\/div>\n\t\t\t\t<div class=\"elementor-element elementor-element-d62e77a elementor-widget elementor-widget-heading\" data-id=\"d62e77a\" data-element_type=\"widget\" data-e-type=\"widget\" data-widget_type=\"heading.default\">\n\t\t\t\t\t<h2 class=\"elementor-heading-title elementor-size-default\">\u00a7 2 <BR>UCZESTNICTWO W WYDARZENIU\n<\/h2>\t\t\t\t<\/div>\n\t\t\t\t<div class=\"elementor-element elementor-element-4f5ed23 elementor-widget elementor-widget-text-editor\" data-id=\"4f5ed23\" data-element_type=\"widget\" data-e-type=\"widget\" data-widget_type=\"text-editor.default\">\n\t\t\t\t\t\t\t\t\t<ol><li>Prawo wst\u0119pu na Wydarzenie maj\u0105 posiadacze wa\u017cnego biletu wst\u0119pu wydanego przez Organizatora (dalej: \u201e<strong>Bilet<\/strong>\u201d) lub innego dokumentu uprawniaj\u0105cego do przebywania na nim, wydanego przez Organizatora, po zweryfikowaniu ich to\u017csamo\u015bci na podstawie wa\u017cnego dokumentu to\u017csamo\u015bci ze zdj\u0119ciem.<\/li><li>Bilet lub inny dokument uprawniaj\u0105cy do przebywania na Wydarzeniu nale\u017cy zachowa\u0107 do kontroli przez ca\u0142y czas trwania Wydarzenia.<\/li><li>Bilet upowa\u017cnia do jednorazowego wej\u015bcia na teren Wydarzenia.<\/li><li>Bilety na Wydarzenie s\u0105 dost\u0119pne na stronie internetowej.<\/li><li>Organizator ostrzega, \u017ce nabycie Biletu od nieautoryzowanego sprzedawcy niesie ryzyko otrzymania biletu nieoryginalnego, co w konsekwencji mo\u017ce spowodowa\u0107 odmow\u0119 wst\u0119pu i uczestnictwa w Wydarzeniu.<\/li><li>Nabycie Biletu jest r\u00f3wnoznaczne z akceptacj\u0105 Regulaminu i zobowi\u0105zaniem si\u0119 do respektowania jego postanowie\u0144.<\/li><li>Nabyty Bilet nie mo\u017ce by\u0107\u0301 u\u017cywany w jakichkolwiek akcjach reklamowych lub promocyjnych (w tym w charakterze nagrody w konkursach lub loteriach), a tak\u017ce do jakichkolwiek innych cel\u00f3w komercyjnych lub handlowych os\u00f3b trzecich, bez uprzedniej zgody Organizatora.<\/li><li>Zakazana jest odsprzeda\u017c Biletu w jakikolwiek spos\u00f3b wskazuj\u0105cy na zarobkowy charakter takiej odsprzeda\u017cy. Organizator informuje, \u017ce zgodnie z art. 133 ustawy z dnia 20 maja 1971 r. Kodeks wykrocze\u0144: \u201eKto nabywa w celu odprzeda\u017cy z zyskiem bilety wst\u0119pu na imprezy artystyczne, rozrywkowe lub sportowe albo kto bilety takie sprzedaje z zyskiem, podlega karze aresztu, ograniczenia wolno\u015bci albo grzywny. Usi\u0142owanie oraz pod\u017ceganie i pomocnictwo s\u0105 karalne&#8221;.<\/li><li>Wst\u0119p na Wydarzenie maj\u0105 osoby pe\u0142noletnie legitymuj\u0105ce si\u0119 dokumentem pozwalaj\u0105cym na ustalenie i potwierdzenie ich to\u017csamo\u015bci. Osoba pomi\u0119dzy 16 a 18 rokiem \u017cycia mo\u017ce wzi\u0105\u0107 udzia\u0142 w Wydarzeniu, pod warunkiem legitymowania si\u0119 dokumentem pozwalaj\u0105cym na ustalenie i potwierdzenie jej to\u017csamo\u015bci i posiadania zgody na udzia\u0142 w Wydarzeniu udzielonej przez jej rodzica, opiekuna prawnego\/przedstawiciela ustawowego. Osoby ma\u0142oletnie do poni\u017cej 16 roku \u017cycia mog\u0105 uczestniczy\u0107 w Wydarzeniu wy\u0142\u0105cznie w towarzystwie ich rodzica, opiekuna prawnego\/przedstawiciela ustawowego, kt\u00f3ry ma obowi\u0105zek posiada\u0107 oddzielny Bilet.<\/li><\/ol>\t\t\t\t\t\t\t\t<\/div>\n\t\t\t\t<div class=\"elementor-element elementor-element-ad2e148 elementor-widget elementor-widget-heading\" data-id=\"ad2e148\" data-element_type=\"widget\" data-e-type=\"widget\" data-widget_type=\"heading.default\">\n\t\t\t\t\t<h2 class=\"elementor-heading-title elementor-size-default\">\u00a7 3 <BR>ZASADY BEZPIECZE\u0143STWA WYDARZENIA\n<\/h2>\t\t\t\t<\/div>\n\t\t\t\t<div class=\"elementor-element elementor-element-b801003 elementor-widget elementor-widget-text-editor\" data-id=\"b801003\" data-element_type=\"widget\" data-e-type=\"widget\" data-widget_type=\"text-editor.default\">\n\t\t\t\t\t\t\t\t\t<ol><li>Za bezpiecze\u0144stwo Wydarzenia w miejscu i w czasie jego trwania odpowiada Organizator.<\/li><li>Do dbania o bezpiecze\u0144stwo Uczestnik\u00f3w podczas Wydarzenia oraz do kontroli uprawnie\u0144 Uczestnik\u00f3w do wst\u0119pu na Wydarzenie artystyczne, Organizator powo\u0142a odpowiednie s\u0142u\u017cby porz\u0105dkowe i s\u0142u\u017cby informacyjne, kt\u00f3re b\u0119d\u0105 legitymowa\u0107 si\u0119 identyfikatorem. Uczestnicy Wydarzenia s\u0105 zobowi\u0105zani stosowa\u0107 si\u0119 do ich polece\u0144.<\/li><li>Organizator zabrania wnoszenia i posiadania na terenie Wydarzenia:<\/li><\/ol><ul><li>broni lub innych niebezpiecznych przedmiot\u00f3w;<\/li><li>materia\u0142\u00f3w wybuchowych, wyrob\u00f3w pirotechnicznych, materia\u0142\u00f3w po\u017carowo niebezpiecznych;<\/li><li>wszelkich cieczy, w tym napoj\u00f3w alkoholowych;<\/li><li>\u015brodk\u00f3w odurzaj\u0105cych, substancji psychotropowych lub innych podobnie dzia\u0142aj\u0105cych \u015brodk\u00f3w.<\/li><\/ul><ol start=\"4\"><li>Organizator mo\u017ce odm\u00f3wi\u0107 wst\u0119pu na Wydarzenie oraz przebywania na nim osobom:<\/li><\/ol><ul><li>odmawiaj\u0105cym wylegitymowania w celu ustalenia to\u017csamo\u015bci;<\/li><li>odmawiaj\u0105cym skontrolowania zawarto\u015bci ich baga\u017cy i odzie\u017cy, w przypadku podejrzenia, \u017ce osoba wnosi lub posiada przedmioty zabronione wymienione zabronione pkt. 3 powy\u017cej;<\/li><li>znajduj\u0105cym si\u0119 pod widocznym wp\u0142ywem alkoholu, \u015brodk\u00f3w odurzaj\u0105cych, <br \/>\u00a0 psychotropowych lub innych podobnie dzia\u0142aj\u0105cych \u015brodk\u00f3w;<\/li><li>zachowuj\u0105cym si\u0119 agresywnie, prowokacyjnie albo w inny spos\u00f3b stwarzaj\u0105cym <br \/>zagro\u017cenie bezpiecze\u0144stwa lub porz\u0105dku Wydarzenia;<\/li><li>wobec kt\u00f3rych zosta\u0142o wydane orzeczenie zakazuj\u0105ce im wst\u0119pu na imprez\u0119 masow\u0105 lub zobowi\u0105zuj\u0105ce ich do powstrzymania\u00a0si\u0119\u00a0od przebywania w miejscach przeprowadzania imprez masowych.<\/li><\/ul><ol start=\"5\"><li>Osobom, kt\u00f3rym w wy\u017cej wymienionych przypadkach przewidzianych w Regulaminie, odm\u00f3wiono wst\u0119pu na Wydarzenie lub zosta\u0142y zobowi\u0105zane do opuszczenia jego terenu, nie przys\u0142uguj\u0105\u0328 \u017cadne roszczenia wobec Organizatora.<\/li><li>Organizator zabrania prowadzenia na terenie Wydarzenia dzia\u0142alno\u015bci handlowej, informacyjnej, promocyjnej, reklamowej z zastrze\u017ceniem przypadk\u00f3w, kiedy dany podmiot uzyska\u0142 odr\u0119bn\u0105 zgod\u0119 Organizatora.<\/li><li>Organizator nie ponosi odpowiedzialno\u015bci za jakiekolwiek rzeczy (pieni\u0105dze, sprz\u0119t elektroniczny, przedmioty warto\u015bciowe itp.) wniesione przez Uczestnik\u00f3w na teren Wydarzenia.<\/li><li>Uczestnicy zobowi\u0105zani s\u0105 do przestrzegania zasad poszanowania mienia publicznego, poszanowania zieleni, nieza\u015bmiecania terenu podczas uczestnictwa w Wydarzeniu.<\/li><li>Uczestnicy akceptuj\u0105 fakt, \u017ce mog\u0105 by\u0107 nara\u017ceni na ci\u0105g\u0142e przebywanie w strefie nat\u0119\u017cenia d\u017awi\u0119k\u00f3w mog\u0105cych spowodowa\u0107 uszkodzenie narz\u0105du s\u0142uchu oraz na dzia\u0142anie efekt\u00f3w \u015bwietlnych mog\u0105cych powodowa\u0107 dyskomfort.<\/li><\/ol>\t\t\t\t\t\t\t\t<\/div>\n\t\t\t\t<div class=\"elementor-element elementor-element-0de1220 elementor-widget elementor-widget-heading\" data-id=\"0de1220\" data-element_type=\"widget\" data-e-type=\"widget\" data-widget_type=\"heading.default\">\n\t\t\t\t\t<h2 class=\"elementor-heading-title elementor-size-default\">\u00a7 4 <BR>\nODWO\u0141ANIE LUB INNA ZMIANA WYDARZENIA ARTYSTYCZNEGO\n<\/h2>\t\t\t\t<\/div>\n\t\t\t\t<div class=\"elementor-element elementor-element-d1bc040 elementor-widget elementor-widget-text-editor\" data-id=\"d1bc040\" data-element_type=\"widget\" data-e-type=\"widget\" data-widget_type=\"text-editor.default\">\n\t\t\t\t\t\t\t\t\t<ol><li>Organizator ma prawo do odwo\u0142ania Wydarzenia, zmiany terminu i\/lub miejsca Wydarzenia lub dokonania innych zmian dotycz\u0105cych programu Wydarzenia z wa\u017cnych przyczyn, w szczeg\u00f3lno\u015bci z powodu og\u0142oszenia \u017ca\u0142oby narodowej, niesprzyjaj\u0105cych warunk\u00f3w atmosferycznych uniemo\u017cliwiaj\u0105cych odbycie si\u0119 i\/lub kontynuowanie Wydarzenia, choroby, niedyspozycji lub innej pozostaj\u0105cej poza odpowiedzialno\u015bci\u0105 Organizatora obiektywnej przyczyny uniemo\u017cliwiaj\u0105cej wyst\u0119p artysty oraz w przypadkach, gdy zmiana spowodowana jest konieczno\u015bci\u0105 zapewnienia bezpiecze\u0144stwa, ochrony zdrowia i\/lub \u017cycia ludzi i\/lub mienia lub konieczno\u015bci\u0105 zapewnienia niezak\u0142\u00f3conego oraz komfortowego dla Uczestnik\u00f3w przebiegu Wydarzenia oraz z powodu innych istotnych okoliczno\u015bci uniemo\u017cliwiaj\u0105cych odbycie si\u0119 Wydarzenia lub warunkuj\u0105cych konieczno\u015b\u0107 dokonania zmian terminu\/miejsca\/programu Wydarzenia artystycznego.<\/li><li>W przypadku zmiany terminu i\/lub miejsca Wydarzenia Bilet zachowuje wa\u017cno\u015b\u0107 i ma moc obowi\u0105zuj\u0105c\u0105 w nowym terminie i\/lub miejscu Wydarzenia.<\/li><\/ol>\t\t\t\t\t\t\t\t<\/div>\n\t\t\t\t<div class=\"elementor-element elementor-element-d5c3fb6 elementor-widget elementor-widget-heading\" data-id=\"d5c3fb6\" data-element_type=\"widget\" data-e-type=\"widget\" data-widget_type=\"heading.default\">\n\t\t\t\t\t<h2 class=\"elementor-heading-title elementor-size-default\">\u00a75<BR> POSTANOWIENIA KO\u0143COWE\n<\/h2>\t\t\t\t<\/div>\n\t\t\t\t<div class=\"elementor-element elementor-element-14978d3 elementor-widget elementor-widget-text-editor\" data-id=\"14978d3\" data-element_type=\"widget\" data-e-type=\"widget\" data-widget_type=\"text-editor.default\">\n\t\t\t\t\t\t\t\t\t<ol><li>Wszelkich informacji dotycz\u0105cych Wydarzenia udziela Organizator. Wszelkie zapytania dotycz\u0105ce Wydarzenia mo\u017cna kierowa\u0107 do Organizatora na adres kontaktowy: slaskieorg@olimpiadyspecjalne.pl<\/li><li>Regulamin obowi\u0105zuje od dnia 8.05.2026<\/li><li>Organizatorowi przys\u0142uguje prawo zmiany Regulaminu:<\/li><\/ol><ul><li>z uwagi na potrzeb\u0119 zapewnienia prawid\u0142owego przebiegu Wydarzenia oraz zapewnienia bezpiecze\u0144stwa Uczestnikom;<\/li><li>w celu usuni\u0119cia b\u0142\u0119d\u00f3w lub omy\u0142ek w tre\u015bci Regulaminu;<\/li><li>w celu dostosowania Regulaminu do obowi\u0105zuj\u0105cych przepis\u00f3w prawa;<\/li><li>gdyby potrzeba dokonania zmiany Regulaminu wynik\u0142a z okoliczno\u015bci niezale\u017cnych od Organizatora.<\/li><\/ul>\t\t\t\t\t\t\t\t<\/div>\n\t\t\t\t\t<\/div>\n\t\t\t\t<\/div>\n\t\t<div class=\"elementor-element elementor-element-24344b0 e-flex e-con-boxed e-con e-parent\" data-id=\"24344b0\" data-element_type=\"container\" data-e-type=\"container\" data-settings=\"{&quot;background_background&quot;:&quot;classic&quot;}\">\n\t\t\t\t\t<div class=\"e-con-inner\">\n\t\t\t\t<div class=\"elementor-element elementor-element-1807be1 elementor-widget elementor-widget-heading\" data-id=\"1807be1\" data-element_type=\"widget\" data-e-type=\"widget\" data-widget_type=\"heading.default\">\n\t\t\t\t\t<h2 class=\"elementor-heading-title elementor-size-small\"><a href=\"https:\/\/mgk.net.pl\">Wykonanie i utrzymanie MGK.net.pl<BR>Hosting \/ Podpisy Elektroniczne \/ Wsparcie IT<\/a><\/h2>\t\t\t\t<\/div>\n\t\t\t\t\t<\/div>\n\t\t\t\t<\/div>\n\t\t\t\t<\/div>\n\t\t","protected":false},"excerpt":{"rendered":"<p>REGULAMIN ORGANIZATORA WYDARZENIA Ceremonia Otwarcia XIII Og\u00f3lnopolskich Letnich Igrzysk Olimpiad Specjalnych \u00a7 1 POSTANOWIENIA OG\u00d3LNE Niniejszy regulamin (dalej: \u201eRegulamin\u201d) zosta\u0142 wydany na podstawie przepis\u00f3w ustawy z dnia 20 marca 2009 r. o bezpiecze\u0144stwie imprez masowych (Dz. U. z 2023 r., poz. 616) oraz innych przepis\u00f3w, kt\u00f3rych postanowienia maj\u0105 bezpo\u015bredni wp\u0142yw na organizacj\u0119 oraz przebieg wydarzenia [&hellip;]<\/p>\n","protected":false},"author":1,"featured_media":0,"parent":0,"menu_order":0,"comment_status":"closed","ping_status":"closed","template":"elementor_canvas","meta":{"footnotes":""},"class_list":["post-33","page","type-page","status-publish","hentry"],"_links":{"self":[{"href":"https:\/\/olimpiadyspecjalne.mgk.net.pl\/index.php?rest_route=\/wp\/v2\/pages\/33","targetHints":{"allow":["GET"]}}],"collection":[{"href":"https:\/\/olimpiadyspecjalne.mgk.net.pl\/index.php?rest_route=\/wp\/v2\/pages"}],"about":[{"href":"https:\/\/olimpiadyspecjalne.mgk.net.pl\/index.php?rest_route=\/wp\/v2\/types\/page"}],"author":[{"embeddable":true,"href":"https:\/\/olimpiadyspecjalne.mgk.net.pl\/index.php?rest_route=\/wp\/v2\/users\/1"}],"replies":[{"embeddable":true,"href":"https:\/\/olimpiadyspecjalne.mgk.net.pl\/index.php?rest_route=%2Fwp%2Fv2%2Fcomments&post=33"}],"version-history":[{"count":13,"href":"https:\/\/olimpiadyspecjalne.mgk.net.pl\/index.php?rest_route=\/wp\/v2\/pages\/33\/revisions"}],"predecessor-version":[{"id":67,"href":"https:\/\/olimpiadyspecjalne.mgk.net.pl\/index.php?rest_route=\/wp\/v2\/pages\/33\/revisions\/67"}],"wp:attachment":[{"href":"https:\/\/olimpiadyspecjalne.mgk.net.pl\/index.php?rest_route=%2Fwp%2Fv2%2Fmedia&parent=33"}],"curies":[{"name":"wp","href":"https:\/\/api.w.org\/{rel}","templated":true}]}}