{"id":72,"date":"2026-04-17T23:24:37","date_gmt":"2026-04-17T23:24:37","guid":{"rendered":"https:\/\/olimpiadyspecjalne.mgk.net.pl\/?page_id=72"},"modified":"2026-04-17T23:35:29","modified_gmt":"2026-04-17T23:35:29","slug":"zglos-problem-z-biletem","status":"publish","type":"page","link":"https:\/\/olimpiadyspecjalne.mgk.net.pl\/?page_id=72","title":{"rendered":"Zg\u0142o\u015b problem z biletem"},"content":{"rendered":"\t\t<div data-elementor-type=\"wp-page\" data-elementor-id=\"72\" class=\"elementor elementor-72\" data-elementor-post-type=\"page\">\n\t\t\t\t<div class=\"elementor-element elementor-element-ec4be3a e-flex e-con-boxed e-con e-parent\" data-id=\"ec4be3a\" data-element_type=\"container\" data-e-type=\"container\">\n\t\t\t\t\t<div class=\"e-con-inner\">\n\t\t\t\t<div class=\"elementor-element elementor-element-af29f6c elementor-widget elementor-widget-image\" data-id=\"af29f6c\" data-element_type=\"widget\" data-e-type=\"widget\" data-widget_type=\"image.default\">\n\t\t\t\t\t\t\t\t\t\t\t\t\t\t\t<img decoding=\"async\" src=\"https:\/\/www.olimpiadyspecjalne.pl\/wp-content\/uploads\/2022\/10\/OS-logo.png\" title=\"\" alt=\"Logo Olimpiady Specjalne\" loading=\"lazy\" \/>\t\t\t\t\t\t\t\t\t\t\t\t\t\t\t<\/div>\n\t\t\t\t<div class=\"elementor-element elementor-element-04a8e2a elementor-widget elementor-widget-heading\" data-id=\"04a8e2a\" data-element_type=\"widget\" data-e-type=\"widget\" data-widget_type=\"heading.default\">\n\t\t\t\t\t<h2 class=\"elementor-heading-title elementor-size-default\">Zg\u0142o\u015b problem z zam\u00f3wieniem<\/h2>\t\t\t\t<\/div>\n\t\t\t\t<div class=\"elementor-element elementor-element-f8a28f4 elementor-widget elementor-widget-text-editor\" data-id=\"f8a28f4\" data-element_type=\"widget\" data-e-type=\"widget\" data-widget_type=\"text-editor.default\">\n\t\t\t\t\t\t\t\t\t<p>Je\u015bli masz problem z zam\u00f3wieniem, prosz\u0119 opisz go nam. W formularzu jest pole z Twoim numerem telefonu, ale nie jest ono obowi\u0105zkowe. Jednak podanie go, mo\u017ce przy\u015bpieszy\u0107 ca\u0142\u0105 procedur\u0119. Na wiadomo\u015bci odpowiadamy w godzinach od 9:00 do 17:00.\u00a0<\/p>\t\t\t\t\t\t\t\t<\/div>\n\t\t\t\t<div class=\"elementor-element elementor-element-911147a elementor-button-align-stretch elementor-widget elementor-widget-form\" data-id=\"911147a\" data-element_type=\"widget\" data-e-type=\"widget\" data-settings=\"{&quot;step_next_label&quot;:&quot;Next&quot;,&quot;step_previous_label&quot;:&quot;Previous&quot;,&quot;button_width&quot;:&quot;100&quot;,&quot;step_type&quot;:&quot;number_text&quot;,&quot;step_icon_shape&quot;:&quot;circle&quot;}\" data-widget_type=\"form.default\">\n\t\t\t\t\t\t\t<form class=\"elementor-form\" method=\"post\" name=\"OS - problem\" aria-label=\"OS - problem\">\n\t\t\t<input type=\"hidden\" name=\"post_id\" value=\"72\"\/>\n\t\t\t<input type=\"hidden\" name=\"form_id\" value=\"911147a\"\/>\n\t\t\t<input type=\"hidden\" name=\"referer_title\" value=\"Zg\u0142o\u015b problem z biletem\" \/>\n\n\t\t\t\t\t\t\t<input type=\"hidden\" name=\"queried_id\" value=\"72\"\/>\n\t\t\t\n\t\t\t<div class=\"elementor-form-fields-wrapper elementor-labels-above\">\n\t\t\t\t\t\t\t\t<div class=\"elementor-field-type-email elementor-field-group elementor-column elementor-field-group-email elementor-col-50 elementor-field-required\">\n\t\t\t\t\t\t\t\t\t\t\t\t<label for=\"form-field-email\" class=\"elementor-field-label\">\n\t\t\t\t\t\t\t\tTw\u00f3j adres podany przy zam\u00f3wieniu\t\t\t\t\t\t\t<\/label>\n\t\t\t\t\t\t\t\t\t\t\t\t\t\t<input size=\"1\" type=\"email\" name=\"form_fields[email]\" id=\"form-field-email\" class=\"elementor-field elementor-size-sm  elementor-field-textual\" placeholder=\"twoj@adres.pl\" required=\"required\">\n\t\t\t\t\t\t\t\t\t\t\t<\/div>\n\t\t\t\t\t\t\t\t<div class=\"elementor-field-type-tel elementor-field-group elementor-column elementor-field-group-telefon elementor-col-50\">\n\t\t\t\t\t\t\t\t\t\t\t\t<label for=\"form-field-telefon\" class=\"elementor-field-label\">\n\t\t\t\t\t\t\t\tTw\u00f3j numer telefonu\t\t\t\t\t\t\t<\/label>\n\t\t\t\t\t\t\t\t<input size=\"1\" type=\"tel\" name=\"form_fields[telefon]\" id=\"form-field-telefon\" class=\"elementor-field elementor-size-sm  elementor-field-textual\" placeholder=\"500123456\" pattern=\"[0-9()#&amp;+*-=.]+\" title=\"Only numbers and phone characters (#, -, *, etc) are accepted.\">\n\n\t\t\t\t\t\t<\/div>\n\t\t\t\t\t\t\t\t<div class=\"elementor-field-type-textarea elementor-field-group elementor-column elementor-field-group-wiadomosc elementor-col-100 elementor-field-required\">\n\t\t\t\t\t\t\t\t\t\t\t\t<label for=\"form-field-wiadomosc\" class=\"elementor-field-label\">\n\t\t\t\t\t\t\t\tWiadomo\u015b\u0107\t\t\t\t\t\t\t<\/label>\n\t\t\t\t\t\t<textarea class=\"elementor-field-textual elementor-field  elementor-size-sm\" name=\"form_fields[wiadomosc]\" id=\"form-field-wiadomosc\" rows=\"4\" placeholder=\"Opisz dok\u0142adnie co si\u0119 sta\u0142o i jak mo\u017cemy Ci pom\u00f3c. \" required=\"required\"><\/textarea>\t\t\t\t<\/div>\n\t\t\t\t\t\t\t\t<div class=\"elementor-field-group elementor-column elementor-field-type-submit elementor-col-100 e-form__buttons\">\n\t\t\t\t\t<button class=\"elementor-button elementor-size-sm\" type=\"submit\">\n\t\t\t\t\t\t<span class=\"elementor-button-content-wrapper\">\n\t\t\t\t\t\t\t\t\t\t\t\t\t\t\t\t\t\t\t\t\t\t<span class=\"elementor-button-text\">Wy\u015blij<\/span>\n\t\t\t\t\t\t\t\t\t\t\t\t\t<\/span>\n\t\t\t\t\t<\/button>\n\t\t\t\t<\/div>\n\t\t\t<\/div>\n\t\t<\/form>\n\t\t\t\t\t\t<\/div>\n\t\t\t\t\t<\/div>\n\t\t\t\t<\/div>\n\t\t<div class=\"elementor-element elementor-element-b6ed041 e-flex e-con-boxed e-con e-parent\" data-id=\"b6ed041\" data-element_type=\"container\" data-e-type=\"container\" data-settings=\"{&quot;background_background&quot;:&quot;classic&quot;}\">\n\t\t\t\t\t<div class=\"e-con-inner\">\n\t\t\t\t<div class=\"elementor-element elementor-element-cad4799 elementor-widget elementor-widget-heading\" data-id=\"cad4799\" data-element_type=\"widget\" data-e-type=\"widget\" data-widget_type=\"heading.default\">\n\t\t\t\t\t<h2 class=\"elementor-heading-title elementor-size-small\"><a href=\"https:\/\/mgk.net.pl\">Wykonanie i utrzymanie MGK.net.pl<BR>Hosting \/ Podpisy Elektroniczne \/ Wsparcie IT<\/a><\/h2>\t\t\t\t<\/div>\n\t\t\t\t\t<\/div>\n\t\t\t\t<\/div>\n\t\t\t\t<\/div>\n\t\t","protected":false},"excerpt":{"rendered":"<p>Zg\u0142o\u015b problem z zam\u00f3wieniem Je\u015bli masz problem z zam\u00f3wieniem, prosz\u0119 opisz go nam. W formularzu jest pole z Twoim numerem telefonu, ale nie jest ono obowi\u0105zkowe. Jednak podanie go, mo\u017ce przy\u015bpieszy\u0107 ca\u0142\u0105 procedur\u0119. Na wiadomo\u015bci odpowiadamy w godzinach od 9:00 do 17:00.\u00a0 Wykonanie i utrzymanie MGK.net.plHosting \/ Podpisy Elektroniczne \/ Wsparcie IT<\/p>\n","protected":false},"author":1,"featured_media":0,"parent":0,"menu_order":0,"comment_status":"closed","ping_status":"closed","template":"elementor_canvas","meta":{"footnotes":""},"class_list":["post-72","page","type-page","status-publish","hentry"],"_links":{"self":[{"href":"https:\/\/olimpiadyspecjalne.mgk.net.pl\/index.php?rest_route=\/wp\/v2\/pages\/72","targetHints":{"allow":["GET"]}}],"collection":[{"href":"https:\/\/olimpiadyspecjalne.mgk.net.pl\/index.php?rest_route=\/wp\/v2\/pages"}],"about":[{"href":"https:\/\/olimpiadyspecjalne.mgk.net.pl\/index.php?rest_route=\/wp\/v2\/types\/page"}],"author":[{"embeddable":true,"href":"https:\/\/olimpiadyspecjalne.mgk.net.pl\/index.php?rest_route=\/wp\/v2\/users\/1"}],"replies":[{"embeddable":true,"href":"https:\/\/olimpiadyspecjalne.mgk.net.pl\/index.php?rest_route=%2Fwp%2Fv2%2Fcomments&post=72"}],"version-history":[{"count":16,"href":"https:\/\/olimpiadyspecjalne.mgk.net.pl\/index.php?rest_route=\/wp\/v2\/pages\/72\/revisions"}],"predecessor-version":[{"id":93,"href":"https:\/\/olimpiadyspecjalne.mgk.net.pl\/index.php?rest_route=\/wp\/v2\/pages\/72\/revisions\/93"}],"wp:attachment":[{"href":"https:\/\/olimpiadyspecjalne.mgk.net.pl\/index.php?rest_route=%2Fwp%2Fv2%2Fmedia&parent=72"}],"curies":[{"name":"wp","href":"https:\/\/api.w.org\/{rel}","templated":true}]}}